{"id":7471,"date":"2025-11-13T11:12:18","date_gmt":"2025-11-13T17:12:18","guid":{"rendered":"https:\/\/observatorio-de-prisiones.documenta.org.mx\/desarrollo-pruebas\/?page_id=7471"},"modified":"2025-12-02T12:21:25","modified_gmt":"2025-12-02T18:21:25","slug":"asesorias","status":"publish","type":"page","link":"https:\/\/observatorio-de-prisiones.documenta.org.mx\/desarrollo-pruebas\/asesorias\/","title":{"rendered":"Asesor\u00edas"},"content":{"rendered":"\n<div style=\"height:4vw\" aria-hidden=\"true\" class=\"wp-block-spacer\"><\/div>\n\n\n\n<p>Documenta brinda asesor\u00edas jur\u00eddicas gratuitas con la finalidad de que las personas que enfrentan alg\u00fan proceso penal conozcan sus derechos y tengan mayor claridad sobre las acciones jur\u00eddicas que podr\u00edan implementar.<\/p>\n\n\n\n<p>Si necesitas asesor\u00eda jur\u00eddica puedes comunicarte con Documenta a trav\u00e9s de:&nbsp;<\/p>\n\n\n\n<div class=\"wp-block-buttons is-layout-flex wp-block-buttons-is-layout-flex\">\n<div class=\"wp-block-button\"><a class=\"wp-block-button__link wp-element-button\" href=\"https:\/\/wa.me\/525644168030\" target=\"_blank\" rel=\"noreferrer noopener\">Whatsapp<\/a><\/div>\n\n\n\n<div class=\"wp-block-button\"><a class=\"wp-block-button__link wp-element-button\" href=\"mailto:asesorias@documenta.org.mx\">Correo: asesorias@documenta.org.mx<\/a><\/div>\n<\/div>\n\n\n\n<p><\/p>\n","protected":false},"excerpt":{"rendered":"<p>Documenta brinda asesor\u00edas jur\u00eddicas gratuitas con la finalidad de que las personas que enfrentan alg\u00fan proceso penal conozcan sus derechos y tengan mayor claridad sobre las acciones jur\u00eddicas que podr\u00edan implementar. Si necesitas asesor\u00eda jur\u00eddica puedes comunicarte con Documenta a trav\u00e9s de:&nbsp;<\/p>\n","protected":false},"author":53,"featured_media":0,"parent":0,"menu_order":0,"comment_status":"closed","ping_status":"closed","template":"","meta":{"_coblocks_attr":"","_coblocks_dimensions":"","_coblocks_responsive_height":"","_coblocks_accordion_ie_support":"","_uag_custom_page_level_css":"","_monsterinsights_skip_tracking":false,"_monsterinsights_sitenote_active":false,"_monsterinsights_sitenote_note":"","_monsterinsights_sitenote_category":0,"_uf_show_specific_survey":0,"_uf_disable_surveys":false,"footnotes":""},"coauthors":[1945],"class_list":["post-7471","page","type-page","status-publish","hentry"],"uagb_featured_image_src":{"full":false,"thumbnail":false,"medium":false,"medium_large":false,"large":false,"1536x1536":false,"2048x2048":false,"post-thumbnail":false},"uagb_author_info":{"display_name":"Tecnolog\u00edas Documenta","author_link":"https:\/\/observatorio-de-prisiones.documenta.org.mx\/desarrollo-pruebas\/author\/tecnologias\/"},"uagb_comment_info":0,"uagb_excerpt":"Documenta brinda asesor\u00edas jur\u00eddicas gratuitas con la finalidad de que las personas que enfrentan alg\u00fan proceso penal conozcan sus derechos y tengan mayor claridad sobre las acciones jur\u00eddicas que podr\u00edan implementar. Si necesitas asesor\u00eda jur\u00eddica puedes comunicarte con Documenta a trav\u00e9s de:&nbsp;","_links":{"self":[{"href":"https:\/\/observatorio-de-prisiones.documenta.org.mx\/desarrollo-pruebas\/wp-json\/wp\/v2\/pages\/7471","targetHints":{"allow":["GET"]}}],"collection":[{"href":"https:\/\/observatorio-de-prisiones.documenta.org.mx\/desarrollo-pruebas\/wp-json\/wp\/v2\/pages"}],"about":[{"href":"https:\/\/observatorio-de-prisiones.documenta.org.mx\/desarrollo-pruebas\/wp-json\/wp\/v2\/types\/page"}],"author":[{"embeddable":true,"href":"https:\/\/observatorio-de-prisiones.documenta.org.mx\/desarrollo-pruebas\/wp-json\/wp\/v2\/users\/53"}],"replies":[{"embeddable":true,"href":"https:\/\/observatorio-de-prisiones.documenta.org.mx\/desarrollo-pruebas\/wp-json\/wp\/v2\/comments?post=7471"}],"version-history":[{"count":4,"href":"https:\/\/observatorio-de-prisiones.documenta.org.mx\/desarrollo-pruebas\/wp-json\/wp\/v2\/pages\/7471\/revisions"}],"predecessor-version":[{"id":7601,"href":"https:\/\/observatorio-de-prisiones.documenta.org.mx\/desarrollo-pruebas\/wp-json\/wp\/v2\/pages\/7471\/revisions\/7601"}],"wp:attachment":[{"href":"https:\/\/observatorio-de-prisiones.documenta.org.mx\/desarrollo-pruebas\/wp-json\/wp\/v2\/media?parent=7471"}],"wp:term":[{"taxonomy":"author","embeddable":true,"href":"https:\/\/observatorio-de-prisiones.documenta.org.mx\/desarrollo-pruebas\/wp-json\/wp\/v2\/coauthors?post=7471"}],"curies":[{"name":"wp","href":"https:\/\/api.w.org\/{rel}","templated":true}]}}